{"id":1785,"date":"2026-04-12T07:19:48","date_gmt":"2026-04-12T07:19:48","guid":{"rendered":"https:\/\/juris-design.com\/?page_id=1785"},"modified":"2026-04-14T16:15:15","modified_gmt":"2026-04-14T16:15:15","slug":"juris-design-metodologija","status":"publish","type":"page","link":"https:\/\/juris-design.com\/eng\/juris-design-metodologija\/","title":{"rendered":"Juris Design Methodology\u2122"},"content":{"rendered":"<div class=\"wp-block-zolo-container container-4d10c0 custom_width zolo-root-container frontend zolo-block parent-container-4d10c0\">\n<style>\n.page-id-1785,\n.page-id-1785 body,\n.page-id-1785 .wp-site-blocks,\n.page-id-1785 .site,\n.page-id-1785 .site-content {\n  background: #111111 !important;\n}\n\n\/* Tablet + Mobile padding *\/\n@media (max-width: 1024px) {\n  .page-id-1785 .wp-site-blocks {\n    padding-top: 100px !important;\n  }\n}\n\n\/* Desktop Bug Fix *\/\n.wp-block-zolo-container .container-4db498 {\n  max-width: 100% !important;\n  width: 100% !important;\n}\n<\/style>\n\n\n\n<div class=\"wp-block-zolo-container container-4db498 custom_width zolo-root-container frontend zolo-block parent-container-guquu6ny parent-container-4db498\">\n<style>\n.proofa-title {\n  font-family: 'GFS Didot', serif !important;\n  text-align: left !important;\n  width: 100% !important;\n  display: block !important;\n}\n\n\/* force BOTH lines to ignore theme font rules *\/\n.proofa-title div {\n  font-family: 'GFS Didot', serif !important;\n  font-size: 40px !important;\n  line-height: 1.1 !important;\n  text-align: left !important;\n}\n\n\/* mobile override *\/\n@media (max-width: 765px) {\n  .proofa-title div {\n    font-size: 32px !important;\n  }\n}\n<\/style>\n\n<div class=\"proofa-title\">\n  <div style=\"color: #ffffff;\">\n    Juris Design\n  <\/div>\n  <div style=\"color: #CAA74F;\">\n    Metodologija\u2122\n  <\/div>\n<\/div>\n\n\n\n<div style=\"width: 100% !important; height: 1px; background-color: #CAA74F;\"><\/div>\n\n\n\n<div class=\"wp-block-stackable-text stk-block-text stk-block stk-0dcaab6 text-align-left\" data-block-id=\"0dcaab6\"><style>.stk-0dcaab6 {margin-bottom:nullpx !important;}.stk-0dcaab6 .stk-block-text__text{font-size:16px !important;color:#ffffffb5 !important;line-height:24px !important;font-family:\"Montserrat\", Sans-serif !important;}@media screen and (max-width: 1023px){.stk-0dcaab6 .stk-block-text__text{font-size:16px !important;}}<\/style><p class=\"stk-block-text__text has-text-color has-text-align-left-tablet\">The Juris Design Methodology\u2122 is a published methodological platform. The three pillars of the methodology form the operational foundation of all instruments derived from it.<\/p><\/div>\n\n\n\n<div style=\"font-size: 16px; line-height: 1.4; text-align: left !important; width: 100% !important; display: block !important;\">\n  <span style=\"color: #ffffffb5; display: inline; text-align: left;\">\n    AUTHOR:\n  <\/span>\n\n  <span style=\"color: #ffffff; display: inline; text-align: left;\">\n    Mesuda \u0110e\u010devi\u0107, attorney\n  <\/span>\n<\/div>\n\n\n\n<div style=\"font-size: 16px; line-height: 1.4; margin-top: -15px; text-align: left !important; width: 100% !important; display: block !important;\">\n  <span style=\"color: #ffffffb5; display: inline;\">\n    PUBLISHED: \n  <\/span>\n\n  <span style=\"color: #ffffff; display: inline;\">\n    24 August 2025\n  <\/span>\n<\/div>\n\n\n\n<div class=\"wp-block-stackable-text stk-block-text stk-block stk-226ddcd text-align-left\" data-block-id=\"226ddcd\"><style>.stk-226ddcd {margin-bottom:nullpx !important;}.stk-226ddcd .stk-block-text__text{font-size:16px !important;color:#caa74f !important;line-height:24px !important;font-weight:500 !important;font-family:\"Montserrat\", Sans-serif !important;}@media screen and (max-width: 1023px){.stk-226ddcd .stk-block-text__text{font-size:16px !important;}}<\/style><p class=\"stk-block-text__text has-text-color has-text-align-left-tablet\">THREE PILLARS OF THE METHODOLOGY<\/p><\/div>\n\n\n\n<div style=\"width: 100% !important; height: 1px; background-color: #CAA74F; margin-top: -15px !important;\"><\/div>\n\n\n\n<div style=\"display:flex; gap:15px; align-items:flex-start; text-align:left !important;\">\n  \n  <div style=\"min-width:20px; color:#CAA74F; font-weight:700; font-size:16px;\">\n    I\n  <\/div>\n\n  <div style=\"display:flex; flex-direction:column; gap:10px;\">\n    \n    <div style=\"font-weight:500; color:#ffffff; font-size:16px;\">\n      Forensics\n    <\/div>\n    \n    <div style=\"color:#ffffffb5; font-size:16px;\">\n      Criminal forensic law as a foundational basis. Each evidentiary layer is designed according to forensic standards of proof applicable in audit, administrative, and criminal proceedings.\n    <\/div>\n  \n  <\/div>\n\n<\/div>\n\n\n\n<div style=\"display:flex; gap:15px; align-items:flex-start; text-align:left !important;;\">\n  \n  <div style=\"min-width:20px; color:#CAA74F; font-weight:700; font-size:16px;\">\n    II\n  <\/div>\n\n  <div style=\"display:flex; flex-direction:column; gap:10px;\">\n    \n    <div style=\"font-weight:500; color:#ffffff; font-size:16px;\">\n      ESG \/ CSRD\n    <\/div>\n    \n    <div style=\"color:#ffffffb5; font-size:16px;\">\n      Regulatory precision as an operational requirement. Each protocol is aligned with the applicable framework for sustainability reporting and due diligence.\n    <\/div>\n  \n  <\/div>\n\n<\/div>\n\n\n\n<div style=\"display:flex; gap:15px; align-items:flex-start; text-align:left !important;;\">\n  \n  <div style=\"min-width:20px; color:#CAA74F; font-weight:700; font-size:16px;\">\n    III\n  <\/div>\n\n  <div style=\"display:flex; flex-direction:column; gap:10px;\">\n    \n    <div style=\"font-weight:500; color:#ffffff; font-size:16px;\">\n      Legal Design Thinking\n    <\/div>\n    \n    <div style=\"color:#ffffffb5; font-size:16px;\">\n      Operational logic that reduces legal risk through structural clarity. Complex legal structures are designed to be understandable, navigable, and usable \u2014 not only formally correct.\n\n    <\/div>\n  \n  <\/div>\n\n<\/div>\n\n\n\n<div class=\"wp-block-stackable-text stk-block-text stk-block stk-b1a889c text-align-left\" data-block-id=\"b1a889c\"><style>.stk-b1a889c {margin-bottom:nullpx !important;}.stk-b1a889c .stk-block-text__text{font-size:16px !important;color:#ffffffb5 !important;line-height:24px !important;font-family:\"Montserrat\", Sans-serif !important;}@media screen and (max-width: 1023px){.stk-b1a889c .stk-block-text__text{font-size:16px !important;}}<\/style><p class=\"stk-block-text__text has-text-color has-text-align-left-tablet\">From the Juris Design Methodology\u2122 arise two licensed instruments: Evidence Architecture\u2122 and PROOFA\u2122 Global Defensibility Suite.<\/p><\/div>\n\n\n\n<div class=\"wp-block-stackable-text stk-block-text stk-block stk-0077086 text-align-left\" data-block-id=\"0077086\"><style>.stk-0077086 {margin-bottom:nullpx !important;}.stk-0077086 .stk-block-text__text{font-size:16px !important;color:#caa74f !important;line-height:24px !important;font-weight:500 !important;font-family:\"Montserrat\", Sans-serif !important;}@media screen and (max-width: 1023px){.stk-0077086 .stk-block-text__text{font-size:16px !important;}}<\/style><p class=\"stk-block-text__text has-text-color has-text-align-left-tablet\">LICENSED INSTRUMENTS<\/p><\/div>\n\n\n\n<div style=\"width: 100% !important; height: 1px; background-color: #CAA74F; margin-top: -15px !important;\"><\/div>\n\n\n\n<div style=\"display:flex; gap:40px; text-align:left; flex-wrap:wrap; font-size: 16px;\" class=\"metodologija-wrap\">\n\n  <!-- BOX 1 -->\n  <div style=\"flex:1; border:1px solid #CAA74F; border-radius:10px; padding:20px; display:flex; flex-direction:column; gap:10px; text-align:left;\">\n    \n    <div style=\"color:#CAA74F; text-align:left;\">\n      INSTRUMENT I\n    <\/div>\n\n    <div style=\"color:#ffffff; text-align:left;\">\n      Evidence Architecture\u2122\n    <\/div>\n\n    <div style=\"color:#ffffffb5; text-align:left;\">\n      A legal-forensic methodological framework. Operationalized through PROOFA\u2122.\n    <\/div>\n\n    <a href=\"https:\/\/juris-design.com\/eng\/evidence-architecture\/\" style=\"color:#ffffff; text-decoration:underline; text-align:left;\">\n      Read more...\n    <\/a>\n\n  <\/div>\n\n  <!-- BOX 2 -->\n  <div style=\"flex:1; border:1px solid #CAA74F; border-radius:10px; padding:20px; display:flex; flex-direction:column; gap:10px; text-align:left;\">\n    \n    <div style=\"color:#CAA74F; text-align:left;\">\n      INSTRUMENT II\n    <\/div>\n\n    <div style=\"color:#ffffff; text-align:left;\">\n      PROOFA\u2122\n    <\/div>\n\n    <div style=\"color:#ffffffb5; text-align:left;\">\n      A licensed legal operational instrument. An instrument that is filled out and archived.\n    <\/div>\n\n    <a href=\"https:\/\/juris-design.com\/eng\/proofa\/\" style=\"color:#ffffff; text-decoration:underline; text-align:left;\">\n      Read more...\n    <\/a>\n\n  <\/div>\n\n<\/div>\n\n<style>\n@media (max-width: 765px) {\n  .metodologija-wrap {\n    flex-direction: column !important;\n  }\n}\n<\/style>\n\n\n\n<div class=\"wp-block-stackable-text stk-block-text stk-block stk-36d6315 text-align-left\" data-block-id=\"36d6315\"><style>.stk-36d6315 {margin-bottom:nullpx !important;}.stk-36d6315 .stk-block-text__text{font-size:16px !important;color:#ffffffb5 !important;line-height:24px !important;font-family:\"Montserrat\", Sans-serif !important;}@media screen and (max-width: 1023px){.stk-36d6315 .stk-block-text__text{font-size:16px !important;}}<\/style><p class=\"stk-block-text__text has-text-color has-text-align-left-tablet\">Legal Design Thinking je metodologija US porijekla koju autorka primjenjuje u okviru Juris Design Metodologije\u2122 sistema \u2014 nije za\u0161ti\u0107eni IP autorke.<\/p><\/div>\n<\/div>\n<\/div>","protected":false},"excerpt":{"rendered":"","protected":false},"author":1,"featured_media":0,"parent":0,"menu_order":0,"comment_status":"closed","ping_status":"closed","template":"","meta":{"_zb_attr":"","zolo_post_video_link":"","footnotes":""},"class_list":["post-1785","page","type-page","status-publish","hentry"],"_links":{"self":[{"href":"https:\/\/juris-design.com\/eng\/wp-json\/wp\/v2\/pages\/1785","targetHints":{"allow":["GET"]}}],"collection":[{"href":"https:\/\/juris-design.com\/eng\/wp-json\/wp\/v2\/pages"}],"about":[{"href":"https:\/\/juris-design.com\/eng\/wp-json\/wp\/v2\/types\/page"}],"author":[{"embeddable":true,"href":"https:\/\/juris-design.com\/eng\/wp-json\/wp\/v2\/users\/1"}],"replies":[{"embeddable":true,"href":"https:\/\/juris-design.com\/eng\/wp-json\/wp\/v2\/comments?post=1785"}],"version-history":[{"count":17,"href":"https:\/\/juris-design.com\/eng\/wp-json\/wp\/v2\/pages\/1785\/revisions"}],"predecessor-version":[{"id":1824,"href":"https:\/\/juris-design.com\/eng\/wp-json\/wp\/v2\/pages\/1785\/revisions\/1824"}],"wp:attachment":[{"href":"https:\/\/juris-design.com\/eng\/wp-json\/wp\/v2\/media?parent=1785"}],"curies":[{"name":"wp","href":"https:\/\/api.w.org\/{rel}","templated":true}]}}